{"id":2811,"date":"2019-10-11T16:45:35","date_gmt":"2019-10-11T14:45:35","guid":{"rendered":"http:\/\/maxei2.tournant.fr\/machines-speciales\/"},"modified":"2020-01-31T10:12:47","modified_gmt":"2020-01-31T09:12:47","slug":"maquinas-especiales","status":"publish","type":"page","link":"https:\/\/www.maxei.fr\/es\/maquinas-especiales\/","title":{"rendered":"M\u00c1QUINAS ESPECIALES"},"content":{"rendered":"\t\t<div data-elementor-type=\"wp-post\" data-elementor-id=\"2811\" class=\"elementor elementor-2811 elementor-977\" data-elementor-settings=\"[]\">\n\t\t\t\t\t\t<div class=\"elementor-inner\">\n\t\t\t\t\t\t\t<div class=\"elementor-section-wrap\">\n\t\t\t\t\t\t\t<section class=\"elementor-section elementor-top-section elementor-element elementor-element-13a41aa6 elementor-section-full_width elementor-section-content-middle elementor-section-height-default elementor-section-height-default\" data-id=\"13a41aa6\" data-element_type=\"section\" data-settings=\"{&quot;background_background&quot;:&quot;classic&quot;}\">\n\t\t\t\t\t\t\t<div class=\"elementor-background-overlay\"><\/div>\n\t\t\t\t\t\t\t<div class=\"elementor-container elementor-column-gap-default\">\n\t\t\t\t\t\t\t<div class=\"elementor-row\">\n\t\t\t\t\t<div class=\"elementor-column elementor-col-100 elementor-top-column elementor-element elementor-element-3fb89441\" data-id=\"3fb89441\" data-element_type=\"column\">\n\t\t\t<div class=\"elementor-column-wrap elementor-element-populated\">\n\t\t\t\t\t\t\t<div class=\"elementor-widget-wrap\">\n\t\t\t\t\t\t<div class=\"elementor-element elementor-element-28bf78ff elementor-align-center elementor-widget elementor-widget-raven-heading\" data-id=\"28bf78ff\" data-element_type=\"widget\" data-widget_type=\"raven-heading.default\">\n\t\t\t\t<div class=\"elementor-widget-container\">\n\t\t\t\t\t<div class=\"raven-widget-wrapper\"><h2 class=\"raven-heading raven-heading-h2\"><span class=\"raven-heading-title\">M\u00c1QUINAS ESPECIALES<\/span><\/h2><\/div>\n\t\t\t\t<\/div>\n\t\t\t\t<\/div>\n\t\t\t\t\t\t<\/div>\n\t\t\t\t\t<\/div>\n\t\t<\/div>\n\t\t\t\t\t\t\t\t<\/div>\n\t\t\t\t\t<\/div>\n\t\t<\/section>\n\t\t\t\t<section class=\"elementor-section elementor-top-section elementor-element elementor-element-3605e48d elementor-section-boxed elementor-section-height-default elementor-section-height-default\" data-id=\"3605e48d\" data-element_type=\"section\">\n\t\t\t\t\t\t<div class=\"elementor-container elementor-column-gap-default\">\n\t\t\t\t\t\t\t<div class=\"elementor-row\">\n\t\t\t\t\t<div class=\"elementor-column elementor-col-100 elementor-top-column elementor-element elementor-element-37fc4ba0\" data-id=\"37fc4ba0\" data-element_type=\"column\">\n\t\t\t<div class=\"elementor-column-wrap elementor-element-populated\">\n\t\t\t\t\t\t\t<div class=\"elementor-widget-wrap\">\n\t\t\t\t\t\t<div class=\"elementor-element elementor-element-9a8abd1 elementor-widget elementor-widget-spacer\" data-id=\"9a8abd1\" data-element_type=\"widget\" data-widget_type=\"spacer.default\">\n\t\t\t\t<div class=\"elementor-widget-container\">\n\t\t\t\t\t<div class=\"elementor-spacer\">\n\t\t\t<div class=\"elementor-spacer-inner\"><\/div>\n\t\t<\/div>\n\t\t\t\t<\/div>\n\t\t\t\t<\/div>\n\t\t\t\t<div class=\"elementor-element elementor-element-289b3e6 elementor-skin-carousel elementor-arrows-yes elementor-pagination-type-bullets elementor-pagination-position-outside elementor-widget elementor-widget-media-carousel\" data-id=\"289b3e6\" data-element_type=\"widget\" data-settings=\"{&quot;skin&quot;:&quot;carousel&quot;,&quot;effect&quot;:&quot;slide&quot;,&quot;show_arrows&quot;:&quot;yes&quot;,&quot;pagination&quot;:&quot;bullets&quot;,&quot;speed&quot;:500,&quot;autoplay&quot;:&quot;yes&quot;,&quot;autoplay_speed&quot;:5000,&quot;loop&quot;:&quot;yes&quot;,&quot;pause_on_hover&quot;:&quot;yes&quot;,&quot;pause_on_interaction&quot;:&quot;yes&quot;,&quot;space_between&quot;:{&quot;unit&quot;:&quot;px&quot;,&quot;size&quot;:10,&quot;sizes&quot;:[]},&quot;space_between_tablet&quot;:{&quot;unit&quot;:&quot;px&quot;,&quot;size&quot;:10,&quot;sizes&quot;:[]},&quot;space_between_mobile&quot;:{&quot;unit&quot;:&quot;px&quot;,&quot;size&quot;:10,&quot;sizes&quot;:[]}}\" data-widget_type=\"media-carousel.default\">\n\t\t\t\t<div class=\"elementor-widget-container\">\n\t\t\t\t\t<div class=\"elementor-swiper\">\n\t\t\t<div class=\"elementor-main-swiper swiper-container\">\n\t\t\t\t<div class=\"swiper-wrapper\">\n\t\t\t\t\t\t\t\t\t\t\t<div class=\"swiper-slide\">\n\t\t\t\t\t\t\t\t\t<div class=\"elementor-carousel-image\" style=\"background-image: url(https:\/\/www.maxei.fr\/wp-content\/uploads\/2019\/10\/04-table-pr\u00e9pa.jpg)\">\n\t\t\t\t\t<\/div>\n\t\t\t\t\t\t\t\t<\/div>\n\t\t\t\t\t\t\t\t\t\t\t<div class=\"swiper-slide\">\n\t\t\t\t\t\t\t\t\t<div class=\"elementor-carousel-image\" style=\"background-image: url(https:\/\/www.maxei.fr\/wp-content\/uploads\/2019\/10\/Conditionnement.jpg)\">\n\t\t\t\t\t<\/div>\n\t\t\t\t\t\t\t\t<\/div>\n\t\t\t\t\t\t\t\t\t\t\t<div class=\"swiper-slide\">\n\t\t\t\t\t\t\t\t\t<div class=\"elementor-carousel-image\" style=\"background-image: url(https:\/\/www.maxei.fr\/wp-content\/uploads\/2019\/10\/L7-nue-vue-avant.jpg)\">\n\t\t\t\t\t<\/div>\n\t\t\t\t\t\t\t\t<\/div>\n\t\t\t\t\t\t\t\t\t\t\t<div class=\"swiper-slide\">\n\t\t\t\t\t\t\t\t\t<div class=\"elementor-carousel-image\" style=\"background-image: url(https:\/\/www.maxei.fr\/wp-content\/uploads\/2019\/10\/Plieuse-v\u00eatement-coupe-1.jpg)\">\n\t\t\t\t\t<\/div>\n\t\t\t\t\t\t\t\t<\/div>\n\t\t\t\t\t\t\t\t\t\t\t<div class=\"swiper-slide\">\n\t\t\t\t\t\t\t\t\t<div class=\"elementor-carousel-image\" style=\"background-image: url(https:\/\/www.maxei.fr\/wp-content\/uploads\/2019\/10\/Plieuse-v\u00eatements-1.jpg)\">\n\t\t\t\t\t<\/div>\n\t\t\t\t\t\t\t\t<\/div>\n\t\t\t\t\t\t\t\t\t\t\t<div class=\"swiper-slide\">\n\t\t\t\t\t\t\t\t\t<div class=\"elementor-carousel-image\" style=\"background-image: url(https:\/\/www.maxei.fr\/wp-content\/uploads\/2019\/10\/Presse-1.jpg)\">\n\t\t\t\t\t<\/div>\n\t\t\t\t\t\t\t\t<\/div>\n\t\t\t\t\t\t\t\t\t\t\t<div class=\"swiper-slide\">\n\t\t\t\t\t\t\t\t\t<div class=\"elementor-carousel-image\" style=\"background-image: url(https:\/\/www.maxei.fr\/wp-content\/uploads\/2019\/10\/Untitled2-1.jpg)\">\n\t\t\t\t\t<\/div>\n\t\t\t\t\t\t\t\t<\/div>\n\t\t\t\t\t\t\t\t\t\t\t<div class=\"swiper-slide\">\n\t\t\t\t\t\t\t\t\t<div class=\"elementor-carousel-image\" style=\"background-image: url(https:\/\/www.maxei.fr\/wp-content\/uploads\/2019\/10\/Untitled4-1.jpg)\">\n\t\t\t\t\t<\/div>\n\t\t\t\t\t\t\t\t<\/div>\n\t\t\t\t\t\t\t\t\t\t\t<div class=\"swiper-slide\">\n\t\t\t\t\t\t\t\t\t<div class=\"elementor-carousel-image\" style=\"background-image: url(https:\/\/www.maxei.fr\/wp-content\/uploads\/2019\/10\/Zoom-Condit-1.jpg)\">\n\t\t\t\t\t<\/div>\n\t\t\t\t\t\t\t\t<\/div>\n\t\t\t\t\t\t\t\t\t\t\t<div class=\"swiper-slide\">\n\t\t\t\t\t\t\t\t\t<div class=\"elementor-carousel-image\" style=\"background-image: url(https:\/\/www.maxei.fr\/wp-content\/uploads\/2019\/10\/Elec-1-1.jpg)\">\n\t\t\t\t\t<\/div>\n\t\t\t\t\t\t\t\t<\/div>\n\t\t\t\t\t\t\t\t\t<\/div>\n\t\t\t\t\t\t\t\t\t\t\t\t\t\t\t<div class=\"swiper-pagination\"><\/div>\n\t\t\t\t\t\t\t\t\t\t\t\t\t\t\t\t<div class=\"elementor-swiper-button elementor-swiper-button-prev\">\n\t\t\t\t\t\t\t<i aria-hidden=\"true\" class=\"eicon-chevron-left\"><\/i>\t\t\t\t\t\t\t<span class=\"elementor-screen-only\">Anterior<\/span>\n\t\t\t\t\t\t<\/div>\n\t\t\t\t\t\t<div class=\"elementor-swiper-button elementor-swiper-button-next\">\n\t\t\t\t\t\t\t<i aria-hidden=\"true\" class=\"eicon-chevron-right\"><\/i>\t\t\t\t\t\t\t<span class=\"elementor-screen-only\">Siguiente<\/span>\n\t\t\t\t\t\t<\/div>\n\t\t\t\t\t\t\t\t\t\t\t\t<\/div>\n\t\t<\/div>\n\t\t\t\t<\/div>\n\t\t\t\t<\/div>\n\t\t\t\t<div class=\"elementor-element elementor-element-d8183d1 elementor-widget elementor-widget-spacer\" data-id=\"d8183d1\" data-element_type=\"widget\" data-widget_type=\"spacer.default\">\n\t\t\t\t<div class=\"elementor-widget-container\">\n\t\t\t\t\t<div class=\"elementor-spacer\">\n\t\t\t<div class=\"elementor-spacer-inner\"><\/div>\n\t\t<\/div>\n\t\t\t\t<\/div>\n\t\t\t\t<\/div>\n\t\t\t\t\t\t<\/div>\n\t\t\t\t\t<\/div>\n\t\t<\/div>\n\t\t\t\t\t\t\t\t<\/div>\n\t\t\t\t\t<\/div>\n\t\t<\/section>\n\t\t\t\t<section class=\"elementor-section elementor-top-section elementor-element elementor-element-0cf8bc4 elementor-section-boxed elementor-section-height-default elementor-section-height-default\" data-id=\"0cf8bc4\" data-element_type=\"section\">\n\t\t\t\t\t\t<div class=\"elementor-container elementor-column-gap-default\">\n\t\t\t\t\t\t\t<div class=\"elementor-row\">\n\t\t\t\t\t<div class=\"elementor-column elementor-col-50 elementor-top-column elementor-element elementor-element-abe50d1\" data-id=\"abe50d1\" data-element_type=\"column\" data-settings=\"{&quot;background_background&quot;:&quot;classic&quot;}\">\n\t\t\t<div class=\"elementor-column-wrap elementor-element-populated\">\n\t\t\t\t\t\t\t<div class=\"elementor-widget-wrap\">\n\t\t\t\t\t\t<section class=\"elementor-section elementor-inner-section elementor-element elementor-element-f21524e elementor-section-boxed elementor-section-height-default elementor-section-height-default\" data-id=\"f21524e\" data-element_type=\"section\">\n\t\t\t\t\t\t<div class=\"elementor-container elementor-column-gap-default\">\n\t\t\t\t\t\t\t<div class=\"elementor-row\">\n\t\t\t\t\t<div class=\"elementor-column elementor-col-100 elementor-inner-column elementor-element elementor-element-b9f0247\" data-id=\"b9f0247\" data-element_type=\"column\">\n\t\t\t<div class=\"elementor-column-wrap elementor-element-populated\">\n\t\t\t\t\t\t\t<div class=\"elementor-widget-wrap\">\n\t\t\t\t\t\t<div class=\"elementor-element elementor-element-c722b30 elementor-widget elementor-widget-heading\" data-id=\"c722b30\" data-element_type=\"widget\" data-widget_type=\"heading.default\">\n\t\t\t\t<div class=\"elementor-widget-container\">\n\t\t\t<h2 class=\"elementor-heading-title elementor-size-default\">NUESTROS PUNTOS FUERTES<\/h2>\t\t<\/div>\n\t\t\t\t<\/div>\n\t\t\t\t<div class=\"elementor-element elementor-element-3eab279 elementor-align-left elementor-widget elementor-widget-global elementor-global-1997 elementor-widget-raven-divider\" data-id=\"3eab279\" data-element_type=\"widget\" data-widget_type=\"raven-divider.default\">\n\t\t\t\t<div class=\"elementor-widget-container\">\n\t\t\t\t\t<div class=\"raven-widget-wrapper\">\n\t\t\t<div class=\"raven-divider\">\n\t\t\t\t<span class=\"raven-divider-line raven-divider-solid\"><\/span>\n\t\t\t<\/div>\n\t\t<\/div>\n\t\t\t\t<\/div>\n\t\t\t\t<\/div>\n\t\t\t\t\t\t<\/div>\n\t\t\t\t\t<\/div>\n\t\t<\/div>\n\t\t\t\t\t\t\t\t<\/div>\n\t\t\t\t\t<\/div>\n\t\t<\/section>\n\t\t\t\t<div class=\"elementor-element elementor-element-a015f4b elementor-widget elementor-widget-spacer\" data-id=\"a015f4b\" data-element_type=\"widget\" data-widget_type=\"spacer.default\">\n\t\t\t\t<div class=\"elementor-widget-container\">\n\t\t\t\t\t<div class=\"elementor-spacer\">\n\t\t\t<div class=\"elementor-spacer-inner\"><\/div>\n\t\t<\/div>\n\t\t\t\t<\/div>\n\t\t\t\t<\/div>\n\t\t\t\t<div class=\"elementor-element elementor-element-73c2ba8 elementor-icon-list--layout-traditional elementor-list-item-link-full_width elementor-widget elementor-widget-icon-list\" data-id=\"73c2ba8\" data-element_type=\"widget\" data-widget_type=\"icon-list.default\">\n\t\t\t\t<div class=\"elementor-widget-container\">\n\t\t\t\t\t<ul class=\"elementor-icon-list-items\">\n\t\t\t\t\t\t\t<li class=\"elementor-icon-list-item\">\n\t\t\t\t\t\t\t\t\t\t\t<span class=\"elementor-icon-list-icon\">\n\t\t\t\t\t\t\t<i aria-hidden=\"true\" class=\"fas fa-check\"><\/i>\t\t\t\t\t\t<\/span>\n\t\t\t\t\t\t\t\t\t\t<span class=\"elementor-icon-list-text\">Respeto de los plazos<\/span>\n\t\t\t\t\t\t\t\t\t<\/li>\n\t\t\t\t\t\t\t\t<li class=\"elementor-icon-list-item\">\n\t\t\t\t\t\t\t\t\t\t\t<span class=\"elementor-icon-list-icon\">\n\t\t\t\t\t\t\t<i aria-hidden=\"true\" class=\"fas fa-times\"><\/i>\t\t\t\t\t\t<\/span>\n\t\t\t\t\t\t\t\t\t\t<span class=\"elementor-icon-list-text\">Conformidad con el pliego de condiciones<\/span>\n\t\t\t\t\t\t\t\t\t<\/li>\n\t\t\t\t\t\t\t\t<li class=\"elementor-icon-list-item\">\n\t\t\t\t\t\t\t\t\t\t\t<span class=\"elementor-icon-list-icon\">\n\t\t\t\t\t\t\t<i aria-hidden=\"true\" class=\"far fa-dot-circle\"><\/i>\t\t\t\t\t\t<\/span>\n\t\t\t\t\t\t\t\t\t\t<span class=\"elementor-icon-list-text\">Calidad final<\/span>\n\t\t\t\t\t\t\t\t\t<\/li>\n\t\t\t\t\t\t<\/ul>\n\t\t\t\t<\/div>\n\t\t\t\t<\/div>\n\t\t\t\t\t\t<\/div>\n\t\t\t\t\t<\/div>\n\t\t<\/div>\n\t\t\t\t<div class=\"elementor-column elementor-col-50 elementor-top-column elementor-element elementor-element-1d99894\" data-id=\"1d99894\" data-element_type=\"column\">\n\t\t\t<div class=\"elementor-column-wrap elementor-element-populated\">\n\t\t\t\t\t\t\t<div class=\"elementor-widget-wrap\">\n\t\t\t\t\t\t<div class=\"elementor-element elementor-element-df1b63a elementor-widget elementor-widget-text-editor\" data-id=\"df1b63a\" data-element_type=\"widget\" data-widget_type=\"text-editor.default\">\n\t\t\t\t<div class=\"elementor-widget-container\">\n\t\t\t\t\t\t\t\t<div class=\"elementor-text-editor elementor-clearfix\">\n\t\t\t\t<p><strong>NUESTRA PROFESI\u00d3N: DISE\u00d1AR LA M\u00c1QUINA QUE USTED SE IMAGINA<\/strong><\/p><p>Si desea mejorar su productividad, aligerar tareas pesadas o repetitivas de sus colaboradores, lanzar un nuevo producto o fiabilizar su producci\u00f3n, crearemos juntos la soluci\u00f3n adecuada a sus necesidades y a su presupuesto.<\/p><p>A partir de un pliego de condiciones, una descripci\u00f3n t\u00e9cnica o incluso una simple idea, nuestros ingenieros estar\u00e1n con usted sobre el terreno para analizar sus necesidades, guiar sus elecciones y dise\u00f1ar la m\u00e1quina o las herramientas que respondan totalmente a sus expectativas.<\/p><p>El saber hacer que hemos adquirido en cuanto a dise\u00f1o 3D, mec\u00e1nica, hidr\u00e1ulica, neum\u00e1tica, tecnolog\u00eda del vac\u00edo, termodin\u00e1mica y automatismo nos permite dise\u00f1ar y realizar m\u00e1quinas especiales o subconjuntos que integran diferentes tecnolog\u00edas para numerosas aplicaciones en diferentes sectores industriales.<\/p><p>La fuerte integraci\u00f3n de las competencias internas desde la ingenier\u00eda hasta el montaje final y la selecci\u00f3n rigurosa de la calidad de los componentes permiten garantizarle la fiabilidad de nuestras m\u00e1quinas y el respeto de los plazos contractuales. En efecto, los armarios el\u00e9ctricos, as\u00ed como la mayor parte de los componentes mec\u00e1nicos, est\u00e1n realizados en nuestros talleres que disponen de un parque de m\u00e1quinas de altas prestaciones renovado peri\u00f3dicamente, as\u00ed como un personal altamente cualificado.<\/p>\t\t\t\t\t<\/div>\n\t\t\t\t\t\t<\/div>\n\t\t\t\t<\/div>\n\t\t\t\t\t\t<\/div>\n\t\t\t\t\t<\/div>\n\t\t<\/div>\n\t\t\t\t\t\t\t\t<\/div>\n\t\t\t\t\t<\/div>\n\t\t<\/section>\n\t\t\t\t<section class=\"elementor-section elementor-top-section elementor-element elementor-element-4e27e1e elementor-section-boxed elementor-section-height-default elementor-section-height-default\" data-id=\"4e27e1e\" data-element_type=\"section\">\n\t\t\t\t\t\t<div class=\"elementor-container elementor-column-gap-default\">\n\t\t\t\t\t\t\t<div class=\"elementor-row\">\n\t\t\t\t\t<div class=\"elementor-column elementor-col-50 elementor-top-column elementor-element elementor-element-ee28d5c\" data-id=\"ee28d5c\" data-element_type=\"column\">\n\t\t\t<div class=\"elementor-column-wrap\">\n\t\t\t\t\t\t\t<div class=\"elementor-widget-wrap\">\n\t\t\t\t\t\t\t\t<\/div>\n\t\t\t\t\t<\/div>\n\t\t<\/div>\n\t\t\t\t<div class=\"elementor-column elementor-col-50 elementor-top-column elementor-element elementor-element-c5d877a\" data-id=\"c5d877a\" data-element_type=\"column\">\n\t\t\t<div class=\"elementor-column-wrap elementor-element-populated\">\n\t\t\t\t\t\t\t<div class=\"elementor-widget-wrap\">\n\t\t\t\t\t\t<div class=\"elementor-element elementor-element-24293c3 elementor-widget elementor-widget-image\" data-id=\"24293c3\" data-element_type=\"widget\" data-widget_type=\"image.default\">\n\t\t\t\t<div class=\"elementor-widget-container\">\n\t\t\t\t\t\t\t\t<div class=\"elementor-image\">\n\t\t\t\t\t\t\t\t\t\t\t\t\t<a href=\"https:\/\/www.maxei.fr\/wp-content\/uploads\/2020\/01\/su-necesidad.png\" data-elementor-open-lightbox=\"yes\" data-elementor-lightbox-title=\"su-necesidad\">\n\t\t\t\t\t\t\t<img loading=\"lazy\" decoding=\"async\" width=\"768\" height=\"512\" src=\"https:\/\/www.maxei.fr\/wp-content\/uploads\/2020\/01\/su-necesidad-768x512.png\" class=\"attachment-medium_large size-medium_large\" alt=\"\" srcset=\"https:\/\/www.maxei.fr\/wp-content\/uploads\/2020\/01\/su-necesidad-768x512.png 768w, https:\/\/www.maxei.fr\/wp-content\/uploads\/2020\/01\/su-necesidad-300x200.png 300w, https:\/\/www.maxei.fr\/wp-content\/uploads\/2020\/01\/su-necesidad-1024x683.png 1024w, https:\/\/www.maxei.fr\/wp-content\/uploads\/2020\/01\/su-necesidad-1536x1024.png 1536w, https:\/\/www.maxei.fr\/wp-content\/uploads\/2020\/01\/su-necesidad-2048x1366.png 2048w\" sizes=\"(max-width: 768px) 100vw, 768px\" \/>\t\t\t\t\t\t\t\t<\/a>\n\t\t\t\t\t\t\t\t\t\t\t\t\t\t<\/div>\n\t\t\t\t\t\t<\/div>\n\t\t\t\t<\/div>\n\t\t\t\t\t\t<\/div>\n\t\t\t\t\t<\/div>\n\t\t<\/div>\n\t\t\t\t\t\t\t\t<\/div>\n\t\t\t\t\t<\/div>\n\t\t<\/section>\n\t\t\t\t<section class=\"elementor-section elementor-top-section elementor-element elementor-element-60361628 elementor-section-full_width elementor-section-height-default elementor-section-height-default\" data-id=\"60361628\" data-element_type=\"section\">\n\t\t\t\t\t\t<div class=\"elementor-container elementor-column-gap-default\">\n\t\t\t\t\t\t\t<div class=\"elementor-row\">\n\t\t\t\t\t<div class=\"elementor-column elementor-col-100 elementor-top-column elementor-element elementor-element-78f35519\" data-id=\"78f35519\" data-element_type=\"column\">\n\t\t\t<div class=\"elementor-column-wrap elementor-element-populated\">\n\t\t\t\t\t\t\t<div class=\"elementor-widget-wrap\">\n\t\t\t\t\t\t<div class=\"elementor-element elementor-element-e06ee7f elementor-widget elementor-widget-spacer\" data-id=\"e06ee7f\" data-element_type=\"widget\" data-widget_type=\"spacer.default\">\n\t\t\t\t<div class=\"elementor-widget-container\">\n\t\t\t\t\t<div class=\"elementor-spacer\">\n\t\t\t<div class=\"elementor-spacer-inner\"><\/div>\n\t\t<\/div>\n\t\t\t\t<\/div>\n\t\t\t\t<\/div>\n\t\t\t\t<div class=\"elementor-element elementor-element-2cfe973f elementor-widget elementor-widget-raven-image\" data-id=\"2cfe973f\" data-element_type=\"widget\" data-widget_type=\"raven-image.default\">\n\t\t\t\t<div class=\"elementor-widget-container\">\n\t\t\t\t\t<div class=\"raven-image\">\n\t\t\n\t\t\n\t\t<img loading=\"lazy\" decoding=\"async\" width=\"1688\" height=\"409\" src=\"https:\/\/www.maxei.fr\/wp-content\/uploads\/2019\/10\/paysage-eoliennes-2.png\" class=\"attachment-full size-full\" alt=\"\" srcset=\"https:\/\/www.maxei.fr\/wp-content\/uploads\/2019\/10\/paysage-eoliennes-2.png 1688w, https:\/\/www.maxei.fr\/wp-content\/uploads\/2019\/10\/paysage-eoliennes-2-300x73.png 300w, https:\/\/www.maxei.fr\/wp-content\/uploads\/2019\/10\/paysage-eoliennes-2-768x186.png 768w, https:\/\/www.maxei.fr\/wp-content\/uploads\/2019\/10\/paysage-eoliennes-2-1024x248.png 1024w\" sizes=\"(max-width: 1688px) 100vw, 1688px\" \/>\t\t<\/div>\n\t\t\t\t<\/div>\n\t\t\t\t<\/div>\n\t\t\t\t\t\t<\/div>\n\t\t\t\t\t<\/div>\n\t\t<\/div>\n\t\t\t\t\t\t\t\t<\/div>\n\t\t\t\t\t<\/div>\n\t\t<\/section>\n\t\t\t\t\t\t<\/div>\n\t\t\t\t\t\t<\/div>\n\t\t\t\t\t<\/div>\n\t\t","protected":false},"excerpt":{"rendered":"<p>M\u00c1QUINAS ESPECIALES Pr\u00e9c\u00e9dent Suivant NUESTROS PUNTOS FUERTES Respeto de los plazos Conformidad con el pliego de condiciones Calidad final NUESTRA PROFESI\u00d3N: DISE\u00d1AR LA M\u00c1QUINA QUE USTED SE IMAGINA Si desea mejorar su productividad, aligerar tareas pesadas o repetitivas de sus colaboradores, lanzar un nuevo producto o fiabilizar su producci\u00f3n, crearemos juntos la soluci\u00f3n adecuada a [&hellip;]<\/p>\n","protected":false},"author":1,"featured_media":0,"parent":0,"menu_order":0,"comment_status":"closed","ping_status":"closed","template":"elementor_header_footer","meta":{"footnotes":""},"yoast_head":"<!-- This site is optimized with the Yoast SEO plugin v21.6 - https:\/\/yoast.com\/wordpress\/plugins\/seo\/ -->\n<title>M\u00c1QUINAS ESPECIALES - Arras Maxei<\/title>\n<meta name=\"robots\" content=\"index, follow, max-snippet:-1, max-image-preview:large, max-video-preview:-1\" \/>\n<link rel=\"canonical\" href=\"https:\/\/www.maxei.fr\/es\/machines-speciales\/\" \/>\n<meta property=\"og:locale\" content=\"es_ES\" \/>\n<meta property=\"og:type\" content=\"article\" \/>\n<meta property=\"og:title\" content=\"M\u00c1QUINAS ESPECIALES - Arras Maxei\" \/>\n<meta property=\"og:description\" content=\"M\u00c1QUINAS ESPECIALES Pr\u00e9c\u00e9dent Suivant NUESTROS PUNTOS FUERTES Respeto de los plazos Conformidad con el pliego de condiciones Calidad final NUESTRA PROFESI\u00d3N: DISE\u00d1AR LA M\u00c1QUINA QUE USTED SE IMAGINA Si desea mejorar su productividad, aligerar tareas pesadas o repetitivas de sus colaboradores, lanzar un nuevo producto o fiabilizar su producci\u00f3n, crearemos juntos la soluci\u00f3n adecuada a [&hellip;]\" \/>\n<meta property=\"og:url\" content=\"https:\/\/www.maxei.fr\/machines-speciales\/\" \/>\n<meta property=\"og:site_name\" content=\"Arras Maxei\" \/>\n<meta property=\"article:modified_time\" content=\"2020-01-31T09:12:47+00:00\" \/>\n<meta property=\"og:image\" content=\"https:\/\/www.maxei.fr\/wp-content\/uploads\/2020\/01\/su-necesidad-768x512.png\" \/>\n<meta name=\"twitter:card\" content=\"summary_large_image\" \/>\n<meta name=\"twitter:label1\" content=\"Tiempo de lectura\" \/>\n\t<meta name=\"twitter:data1\" content=\"1 minuto\" \/>\n<script type=\"application\/ld+json\" class=\"yoast-schema-graph\">{\"@context\":\"https:\/\/schema.org\",\"@graph\":[{\"@type\":\"WebPage\",\"@id\":\"https:\/\/www.maxei.fr\/machines-speciales\/\",\"url\":\"https:\/\/www.maxei.fr\/machines-speciales\/\",\"name\":\"M\u00c1QUINAS ESPECIALES - Arras Maxei\",\"isPartOf\":{\"@id\":\"https:\/\/www.maxei.fr\/#website\"},\"datePublished\":\"2019-10-11T14:45:35+00:00\",\"dateModified\":\"2020-01-31T09:12:47+00:00\",\"breadcrumb\":{\"@id\":\"https:\/\/www.maxei.fr\/machines-speciales\/#breadcrumb\"},\"inLanguage\":\"es\",\"potentialAction\":[{\"@type\":\"ReadAction\",\"target\":[\"https:\/\/www.maxei.fr\/machines-speciales\/\"]}]},{\"@type\":\"BreadcrumbList\",\"@id\":\"https:\/\/www.maxei.fr\/machines-speciales\/#breadcrumb\",\"itemListElement\":[{\"@type\":\"ListItem\",\"position\":1,\"name\":\"Accueil\",\"item\":\"https:\/\/www.maxei.fr\/es\/\"},{\"@type\":\"ListItem\",\"position\":2,\"name\":\"M\u00c1QUINAS ESPECIALES\"}]},{\"@type\":\"WebSite\",\"@id\":\"https:\/\/www.maxei.fr\/#website\",\"url\":\"https:\/\/www.maxei.fr\/\",\"name\":\"Maxei\",\"description\":\"Smart solutions for industry\",\"publisher\":{\"@id\":\"https:\/\/www.maxei.fr\/#organization\"},\"potentialAction\":[{\"@type\":\"SearchAction\",\"target\":{\"@type\":\"EntryPoint\",\"urlTemplate\":\"https:\/\/www.maxei.fr\/?s={search_term_string}\"},\"query-input\":\"required name=search_term_string\"}],\"inLanguage\":\"es\"},{\"@type\":\"Organization\",\"@id\":\"https:\/\/www.maxei.fr\/#organization\",\"name\":\"MAXEI\",\"url\":\"https:\/\/www.maxei.fr\/\",\"logo\":{\"@type\":\"ImageObject\",\"inLanguage\":\"es\",\"@id\":\"https:\/\/www.maxei.fr\/#\/schema\/logo\/image\/\",\"url\":\"https:\/\/www.maxei.fr\/wp-content\/uploads\/2020\/07\/LOGO-MAXEI.png\",\"contentUrl\":\"https:\/\/www.maxei.fr\/wp-content\/uploads\/2020\/07\/LOGO-MAXEI.png\",\"width\":1254,\"height\":1254,\"caption\":\"MAXEI\"},\"image\":{\"@id\":\"https:\/\/www.maxei.fr\/#\/schema\/logo\/image\/\"},\"sameAs\":[\"https:\/\/www.linkedin.com\/company\/maxei\"]}]}<\/script>\n<!-- \/ Yoast SEO plugin. -->","yoast_head_json":{"title":"M\u00c1QUINAS ESPECIALES - Arras Maxei","robots":{"index":"index","follow":"follow","max-snippet":"max-snippet:-1","max-image-preview":"max-image-preview:large","max-video-preview":"max-video-preview:-1"},"canonical":"https:\/\/www.maxei.fr\/es\/machines-speciales\/","og_locale":"es_ES","og_type":"article","og_title":"M\u00c1QUINAS ESPECIALES - Arras Maxei","og_description":"M\u00c1QUINAS ESPECIALES Pr\u00e9c\u00e9dent Suivant NUESTROS PUNTOS FUERTES Respeto de los plazos Conformidad con el pliego de condiciones Calidad final NUESTRA PROFESI\u00d3N: DISE\u00d1AR LA M\u00c1QUINA QUE USTED SE IMAGINA Si desea mejorar su productividad, aligerar tareas pesadas o repetitivas de sus colaboradores, lanzar un nuevo producto o fiabilizar su producci\u00f3n, crearemos juntos la soluci\u00f3n adecuada a [&hellip;]","og_url":"https:\/\/www.maxei.fr\/machines-speciales\/","og_site_name":"Arras Maxei","article_modified_time":"2020-01-31T09:12:47+00:00","og_image":[{"url":"https:\/\/www.maxei.fr\/wp-content\/uploads\/2020\/01\/su-necesidad-768x512.png"}],"twitter_card":"summary_large_image","twitter_misc":{"Tiempo de lectura":"1 minuto"},"schema":{"@context":"https:\/\/schema.org","@graph":[{"@type":"WebPage","@id":"https:\/\/www.maxei.fr\/machines-speciales\/","url":"https:\/\/www.maxei.fr\/machines-speciales\/","name":"M\u00c1QUINAS ESPECIALES - Arras Maxei","isPartOf":{"@id":"https:\/\/www.maxei.fr\/#website"},"datePublished":"2019-10-11T14:45:35+00:00","dateModified":"2020-01-31T09:12:47+00:00","breadcrumb":{"@id":"https:\/\/www.maxei.fr\/machines-speciales\/#breadcrumb"},"inLanguage":"es","potentialAction":[{"@type":"ReadAction","target":["https:\/\/www.maxei.fr\/machines-speciales\/"]}]},{"@type":"BreadcrumbList","@id":"https:\/\/www.maxei.fr\/machines-speciales\/#breadcrumb","itemListElement":[{"@type":"ListItem","position":1,"name":"Accueil","item":"https:\/\/www.maxei.fr\/es\/"},{"@type":"ListItem","position":2,"name":"M\u00c1QUINAS ESPECIALES"}]},{"@type":"WebSite","@id":"https:\/\/www.maxei.fr\/#website","url":"https:\/\/www.maxei.fr\/","name":"Maxei","description":"Smart solutions for industry","publisher":{"@id":"https:\/\/www.maxei.fr\/#organization"},"potentialAction":[{"@type":"SearchAction","target":{"@type":"EntryPoint","urlTemplate":"https:\/\/www.maxei.fr\/?s={search_term_string}"},"query-input":"required name=search_term_string"}],"inLanguage":"es"},{"@type":"Organization","@id":"https:\/\/www.maxei.fr\/#organization","name":"MAXEI","url":"https:\/\/www.maxei.fr\/","logo":{"@type":"ImageObject","inLanguage":"es","@id":"https:\/\/www.maxei.fr\/#\/schema\/logo\/image\/","url":"https:\/\/www.maxei.fr\/wp-content\/uploads\/2020\/07\/LOGO-MAXEI.png","contentUrl":"https:\/\/www.maxei.fr\/wp-content\/uploads\/2020\/07\/LOGO-MAXEI.png","width":1254,"height":1254,"caption":"MAXEI"},"image":{"@id":"https:\/\/www.maxei.fr\/#\/schema\/logo\/image\/"},"sameAs":["https:\/\/www.linkedin.com\/company\/maxei"]}]}},"_links":{"self":[{"href":"https:\/\/www.maxei.fr\/es\/wp-json\/wp\/v2\/pages\/2811\/"}],"collection":[{"href":"https:\/\/www.maxei.fr\/es\/wp-json\/wp\/v2\/pages\/"}],"about":[{"href":"https:\/\/www.maxei.fr\/es\/wp-json\/wp\/v2\/types\/page\/"}],"author":[{"embeddable":true,"href":"https:\/\/www.maxei.fr\/es\/wp-json\/wp\/v2\/users\/1\/"}],"replies":[{"embeddable":true,"href":"https:\/\/www.maxei.fr\/es\/wp-json\/wp\/v2\/comments\/?post=2811"}],"version-history":[{"count":14,"href":"https:\/\/www.maxei.fr\/es\/wp-json\/wp\/v2\/pages\/2811\/revisions\/"}],"predecessor-version":[{"id":3662,"href":"https:\/\/www.maxei.fr\/es\/wp-json\/wp\/v2\/pages\/2811\/revisions\/3662\/"}],"wp:attachment":[{"href":"https:\/\/www.maxei.fr\/es\/wp-json\/wp\/v2\/media\/?parent=2811"}],"curies":[{"name":"wp","href":"https:\/\/api.w.org\/{rel}","templated":true}]}}