{"id":2814,"date":"2020-01-06T11:20:57","date_gmt":"2020-01-06T10:20:57","guid":{"rendered":"http:\/\/maxei2.tournant.fr\/mentions-legales\/"},"modified":"2020-02-14T10:14:38","modified_gmt":"2020-02-14T09:14:38","slug":"menciones-legales","status":"publish","type":"page","link":"https:\/\/www.maxei.fr\/es\/menciones-legales\/","title":{"rendered":"MENCIONES LEGALES\u200b"},"content":{"rendered":"\t\t<div data-elementor-type=\"wp-page\" data-elementor-id=\"2814\" class=\"elementor elementor-2814 elementor-2523\" data-elementor-settings=\"[]\">\n\t\t\t\t\t\t<div class=\"elementor-inner\">\n\t\t\t\t\t\t\t<div class=\"elementor-section-wrap\">\n\t\t\t\t\t\t\t<section class=\"elementor-section elementor-top-section elementor-element elementor-element-15102da2 elementor-section-full_width elementor-section-content-middle elementor-section-stretched elementor-section-height-default elementor-section-height-default\" data-id=\"15102da2\" data-element_type=\"section\" data-settings=\"{&quot;background_background&quot;:&quot;classic&quot;,&quot;stretch_section&quot;:&quot;section-stretched&quot;}\">\n\t\t\t\t\t\t\t<div class=\"elementor-background-overlay\"><\/div>\n\t\t\t\t\t\t\t<div class=\"elementor-container elementor-column-gap-default\">\n\t\t\t\t\t\t\t<div class=\"elementor-row\">\n\t\t\t\t\t<div class=\"elementor-column elementor-col-100 elementor-top-column elementor-element elementor-element-1d7503d3\" data-id=\"1d7503d3\" data-element_type=\"column\">\n\t\t\t<div class=\"elementor-column-wrap elementor-element-populated\">\n\t\t\t\t\t\t\t<div class=\"elementor-widget-wrap\">\n\t\t\t\t\t\t<div class=\"elementor-element elementor-element-65c45a0a elementor-align-center elementor-widget elementor-widget-raven-heading\" data-id=\"65c45a0a\" data-element_type=\"widget\" data-widget_type=\"raven-heading.default\">\n\t\t\t\t<div class=\"elementor-widget-container\">\n\t\t\t\t\t<div class=\"raven-widget-wrapper\"><h2 class=\"raven-heading raven-heading-h2\"><span class=\"raven-heading-title\">menciones legales<\/span><\/h2><\/div>\n\t\t\t\t<\/div>\n\t\t\t\t<\/div>\n\t\t\t\t\t\t<\/div>\n\t\t\t\t\t<\/div>\n\t\t<\/div>\n\t\t\t\t\t\t\t\t<\/div>\n\t\t\t\t\t<\/div>\n\t\t<\/section>\n\t\t\t\t<section class=\"elementor-section elementor-top-section elementor-element elementor-element-cd2147d elementor-section-boxed elementor-section-height-default elementor-section-height-default\" data-id=\"cd2147d\" data-element_type=\"section\">\n\t\t\t\t\t\t<div class=\"elementor-container elementor-column-gap-default\">\n\t\t\t\t\t\t\t<div class=\"elementor-row\">\n\t\t\t\t\t<div class=\"elementor-column elementor-col-100 elementor-top-column elementor-element elementor-element-dc0417f\" data-id=\"dc0417f\" data-element_type=\"column\">\n\t\t\t<div class=\"elementor-column-wrap elementor-element-populated\">\n\t\t\t\t\t\t\t<div class=\"elementor-widget-wrap\">\n\t\t\t\t\t\t<div class=\"elementor-element elementor-element-3251a31 elementor-widget elementor-widget-spacer\" data-id=\"3251a31\" data-element_type=\"widget\" data-widget_type=\"spacer.default\">\n\t\t\t\t<div class=\"elementor-widget-container\">\n\t\t\t\t\t<div class=\"elementor-spacer\">\n\t\t\t<div class=\"elementor-spacer-inner\"><\/div>\n\t\t<\/div>\n\t\t\t\t<\/div>\n\t\t\t\t<\/div>\n\t\t\t\t<div class=\"elementor-element elementor-element-2c3a5c3 elementor-widget elementor-widget-text-editor\" data-id=\"2c3a5c3\" data-element_type=\"widget\" data-widget_type=\"text-editor.default\">\n\t\t\t\t<div class=\"elementor-widget-container\">\n\t\t\t\t\t\t\t\t<div class=\"elementor-text-editor elementor-clearfix\">\n\t\t\t\t<p><strong>PRESENTACI\u00d3N DEL SITIO WEB<\/strong><\/p>\n<p>En virtud del art\u00edculo 6 de la ley n\u00b0 2004-575 de 21 de junio de 2004 sobre confianza en la econom\u00eda digital, se informa a los usuarios del sitio web&nbsp;<span style=\"font-size: 1rem;\">www.<\/span><span style=\"font-size: 1rem;\">maxei.fr<\/span><\/p>\n<p>Propietario:&nbsp;<span style=\"color: rgb(128, 128, 128);\">MAXEI GROUP<\/span>&nbsp;\u2013 170, all\u00e9e de France ARRAS<br>Creador:&nbsp;<span style=\"color: #808080;\"><a style=\"color: #808080;\" href=\"http:\/\/www.tournant.com\/\"><span style=\"text-decoration: line-through;\">Agence Tournant<\/span><\/a>&nbsp;<\/span>&#8211; ARRAS<br>Alojador: OVH \u2013 Roubaix<\/p>\n<p><strong>CONDICIONES GENERALES DE USO DEL SITIO WEB Y DE LOS SERVICIOS OFRECIDOS<\/strong><\/p>\n<p>La utilizaci\u00f3n del sitio&nbsp; www.maxei.fr&nbsp;implica la aceptaci\u00f3n total y completa de las condiciones de uso que se describen a continuaci\u00f3n. Estas condiciones de uso pueden modificarse o completarse en cualquier momento, por lo que se invita a los usuarios del sitio web www.maxei.fr&nbsp;a que las consulten con regularidad.<\/p>\n<p>Este sitio web est\u00e1 accesible a los usuarios en todo momento. www.groupe-maxei.com podr\u00e1 decidir su interrupci\u00f3n por motivos de mantenimiento t\u00e9cnico, esforz\u00e1ndose en ese caso por comunicar previamente a los usuarios las fechas y horas de la intervenci\u00f3n.<\/p>\n<p>El sitio web www.maxei.fr<span style=\"font-size: 1rem;\">&nbsp;se actualiza con regularidad. Asimismo, podr\u00e1n modificarse en cualquier momento las menciones legales: en cualquier caso se aplicar\u00e1n al usuario, por lo que se le invita a consultar las mismas l m\u00e1s a menudo posible para su conocimiento.<\/span><\/p>\n<p><strong>DESCRIPCI\u00d3N DE LOS EQUIPOS SUMINISTRADOS<\/strong><\/p>\n<p>El sitio web www.maxei.fr&nbsp;tiene el objeto de aportar informaci\u00f3n sobre el conjunto de las actividades de la empresa.<\/p>\n<p><span style=\"color: rgb(128, 128, 128); font-size: 1rem;\">MAXEI GROUP<\/span>&nbsp;se esfuerza por indicar en el sitio web www.maxei.fr&nbsp;una informaci\u00f3n lo m\u00e1s exacta posible. No obstante, no podr\u00e1 ser tomado por responsable de cualquier omisi\u00f3n, inexactitud o carencia en la actualizaci\u00f3n, ya sean de \u00e9l mismo, o de sus asociados que le hayan suministrado esa informaci\u00f3n.<\/p>\n<p>Toda la informaci\u00f3n que se indica en el sitio web&nbsp; www.maxei.fr&nbsp;se da a t\u00edtulo indicativo, y son susceptibles de ir evolucionando. Adem\u00e1s, las informaciones que figuran en el sitio web www.maxei.fr&nbsp;no son exhaustivas. Se dan con la reserva de modificaciones que se hubieran podido introducir posteriormente a su puesta en l\u00ednea.<\/p>\n<p><strong>LIMITACIONES CONTRACTUALES SOBRE DATOS T\u00c9CNICOS<\/strong><\/p>\n<p>El sitio web no es responsable de cualquier da\u00f1o material ligado al uso de este sitio web. Adem\u00e1s, el usuario del sitio web se compromete a acceder al sitio web utilizando material moderno, que no contenga virus y con explorador actualizado de \u00faltima generaci\u00f3n<\/p>\n<p><strong>PROPIEDAD INTELECTUAL Y FALSIFICACIONES<\/strong><\/p>\n<p><span style=\"color: rgb(128, 128, 128); font-size: 1rem;\">MAXEI GROUP<\/span>&nbsp;es propietario de los derechos de propiedad intelectual o detenta los derechos de uso sobre todos los elementos accesibles en el sitio web, especialmente los textos, im\u00e1genes, grafismos, logotipos, iconos, sonido, software.<\/p>\n<p>Se proh\u00edbe cualquier reproducci\u00f3n, representaci\u00f3n, modificaci\u00f3n, publicaci\u00f3n, adaptaci\u00f3n, total o parcial, de los elementos del sitio web, independientemente del medio utilizado, salvo autorizaci\u00f3n previa por escrito de:&nbsp;<span style=\"color: rgb(128, 128, 128);\">MAXEI GROUP<\/span>.<\/p>\n<p>Cualquier explotaci\u00f3n no autorizada del sitio web o de cualquiera de los elementos que contiene se considerar\u00e1 constitutiva de falsificaci\u00f3n y ser\u00e1 perseguida de acuerdo con las disposiciones de los art\u00edculos L.335-2 y siguientes del C\u00f3digo de Propiedad Intelectual.<\/p>\n<p><strong>LIMITACIONES DE RESPONSABILIDAD<\/strong><\/p>\n<p><span style=\"color: rgb(128, 128, 128); font-size: 1rem;\">MAXEI GROUP<\/span>&nbsp;no ser\u00e1 responsable por da\u00f1os directos e indirectos causados por el material del usuario, cuando acceda al sitio web del&nbsp;<span style=\"color: rgb(128, 128, 128);\">MAXEI GROUP<\/span>, y que fuera consecuencia de la utilizaci\u00f3n de alg\u00fan material que no respondiera a las especificaciones que se han indicado en el punto 4, o por aparici\u00f3n de alg\u00fan virus o incompatibilidad.<\/p>\n<p>Tampoco ser\u00e1 responsable el&nbsp;<span style=\"color: rgb(128, 128, 128);\">MAXEI GROUP<\/span>&nbsp;por cualquier da\u00f1o indirecto (como por ejemplo, p\u00e9rdida de mercado o p\u00e9rdida de oportunidades) como consecuencia del uso del sitio&nbsp;<span style=\"font-size: 1rem;\">www.<\/span><span style=\"font-size: 1rem;\">maxei.fr<\/span><\/p>\n<p>Se tiene a disposici\u00f3n de los usuarios espacios interactivos (posibilidad de hacer preguntas en el espacio de contacto).&nbsp;<span style=\"color: rgb(128, 128, 128);\">MAXEI GROUP&nbsp;<\/span>se reserva el derecho de eliminar, sin aviso previo, cualquier contenido depositado en dicho espacio que contraviniera la legislaci\u00f3n aplicable en Francia, en particular las disposiciones referentes a la protecci\u00f3n de datos. En su caso, el&nbsp;<span style=\"color: rgb(128, 128, 128);\">MAXEI GROUP<\/span>&nbsp;se reserva asimismo la posibilidad de denunciar la responsabilidad civil y\/o penal del usuario, especialmente en casos de mensajes de car\u00e1cter racista, injurioso, difamador, o pornogr\u00e1fico, independientemente del soporte utilizado (texto, fotograf\u00eda,\u2026).<\/p>\n<p><strong>GESTI\u00d3N DE DATOS PERSONALES<\/strong><\/p>\n<p>En Francia, los datos personales est\u00e1n protegidos por la ley n\u00b0 78-87 de 6 de enero de 1978, ley n\u00b0 2004-801 de 6 agosto de 2004, art\u00edculo L. 226-13 del C\u00f3digo penal y Directiva Europea de 24 de octubre de 1995.<\/p>\n<p>Al utilizar el sitio web www.maxei.fr, se pueden recoger: la URL de los enlaces mediante los cuales haya accedido el usuario al sitio web www.maxei.fr, el proveedor de acceso del usuario, la direcci\u00f3n de protocolo Internet (IP) del usuario.<\/p>\n<p>En cualquier caso,&nbsp;<span style=\"color: rgb(128, 128, 128);\">MAXEI GROUP<\/span>&nbsp;recoger\u00e1 informaciones personales referentes al usuario \u00fanicamente para las necesidades de determinados servicios ofrecidos en el sitio web www.maxei.fr. El usuario comunica esas informaciones con conocimiento de causa, especialmente cuando es \u00e9l mismo qui\u00e9n las introduce. Se especifica al usuario del sitio web www.maxei.fr&nbsp;la obligaci\u00f3n o no de introducir esas informaciones.<\/p>\n<p>De acuerdo con las disposiciones de los art\u00edculos 38 y siguientes de la ley 78-17 de 6 de enero de 1978 referente a la inform\u00e1tica, ficheros y libertades, todo usuario dispone del derecho de acceso, rectificaci\u00f3n y oposici\u00f3n a los datos personales que le afecten, debiendo realizar su solicitud por escrito y firmada, acompa\u00f1ada con una copia de su carnet de identidad que incluya la firma del titular del documento y donde figure la direcci\u00f3n a la que debe enviarse la respuesta.<\/p>\n<p>Ninguna informaci\u00f3n personal del usuario del sitio web www.maxei.fr&nbsp;se publicar\u00e1, intercambiar\u00e1, transferir\u00e1, ceder\u00e1 ni vender\u00e1, sin su conocimiento previo, ning\u00fan soporte a terceros. Solamente la hip\u00f3tesis de recompra del&nbsp;<span style=\"color: rgb(128, 128, 128);\">MAXEI GROUP<\/span>&nbsp;y de sus derechos permitir\u00eda la transmisi\u00f3n de esas informaciones al hipot\u00e9tico comprador, que a su vez, tendr\u00eda la misma obligaci\u00f3n de conservar y modificar los datos respecto al usuario del sitio web www.maxei.fr.<\/p>\n<p>El sitio web no ha sido declarado a la CNIL, pues no incluye informaciones personales.<\/p>\n<p>Las bases de datos est\u00e1n protegidas por las disposiciones de la ley de 1 de julio de 1998 que transcribe la directiva 96\/9 de 11 de marzo de 1996 respecto a la protecci\u00f3n jur\u00eddica de las bases de datos.<\/p>\n<p><strong>ENLACES DE HIPERTEXTOS Y COOKIES<\/strong><\/p>\n<p>El sitio web www.maxei.fr&nbsp;contiene enlaces de hipertexto hacia otros sitios web, que han sido introducidos con la autorizaci\u00f3n del&nbsp;<span style=\"color: rgb(128, 128, 128);\">MAXEI GROUP<\/span>. No obstante,&nbsp;<span style=\"color: rgb(128, 128, 128);\">MAXEI GROUP<\/span>&nbsp;no tiene la posibilidad de comprobar el contenido de los sitios web que se visiten por este medio, y por lo tanto no asume ninguna responsabilidad por ello.<\/p>\n<p>La navegaci\u00f3n por el sitio web www.maxei.fr&nbsp;es susceptible de provocar que se instalen cookie(s) en el ordenador del usuario. Una cookie es un fichero peque\u00f1o, que no sirve para identificar al usuario, pero que registra informaciones acerca de la navegaci\u00f3n de un ordenador dentro de un sitio web. Los datos que se obtienen de esta manera buscan facilitar la navegaci\u00f3n posterior por el sitio web, y permiten diversas mediciones de visitas.<\/p>\n<p><strong>DERECHO APLICABLE Y ASIGNACI\u00d3N DE JURISDICCI\u00d3N<\/strong><\/p>\n<p>Cualquier litigio relacionado con la utilizaci\u00f3n del sitio web www.maxei.fr&nbsp;se someter\u00e1 al derecho franc\u00e9s. Se asigna jurisdicci\u00f3n exclusiva a los tribunales competentes de Par\u00eds.<\/p>\n<p><strong>PRINCIPALES LEYES APLICABLES<\/strong><\/p>\n<p>Ley n\u00b0 78-87 de 6 de enero de 1978, con modificaci\u00f3n significativa mediante la ley n\u00b0 2004-801 de 6 de agosto de 2004 referente a inform\u00e1tica, ficheros y sus libertades.<\/p>\n<p>Ley n\u00b0 2004-575 de 21 de junio de 2004 sobre confianza en la econom\u00eda digital.<\/p>\n<p><strong>L\u00c9XICO<\/strong><\/p>\n<p>Usuario: Internauta que se conecta y utiliza el sitio web mencionado anteriormente.<\/p>\n<p>Informaciones personales: \u00ab&nbsp;Informaciones que sirven, en cualquier forma, directamente o no, para identificar a las personas f\u00edsicas a las que se aplican&nbsp;\u00bb (art\u00edculo 4 de la ley n\u00b0 78-17 de 6 de enero de 1978).<span style=\"color: rgb(128, 128, 128); font-size: 1rem;\">MAXEI GROUP<\/span><\/p>\n<p><\/p>\t\t\t\t\t<\/div>\n\t\t\t\t\t\t<\/div>\n\t\t\t\t<\/div>\n\t\t\t\t\t\t<\/div>\n\t\t\t\t\t<\/div>\n\t\t<\/div>\n\t\t\t\t\t\t\t\t<\/div>\n\t\t\t\t\t<\/div>\n\t\t<\/section>\n\t\t\t\t<section class=\"elementor-section elementor-top-section elementor-element elementor-element-500dc9a1 elementor-section-full_width elementor-section-stretched elementor-section-height-default elementor-section-height-default\" data-id=\"500dc9a1\" data-element_type=\"section\" data-settings=\"{&quot;stretch_section&quot;:&quot;section-stretched&quot;}\">\n\t\t\t\t\t\t<div class=\"elementor-container elementor-column-gap-default\">\n\t\t\t\t\t\t\t<div class=\"elementor-row\">\n\t\t\t\t\t<div class=\"elementor-column elementor-col-100 elementor-top-column elementor-element elementor-element-2e7732ff\" data-id=\"2e7732ff\" data-element_type=\"column\">\n\t\t\t<div class=\"elementor-column-wrap elementor-element-populated\">\n\t\t\t\t\t\t\t<div class=\"elementor-widget-wrap\">\n\t\t\t\t\t\t<div class=\"elementor-element elementor-element-a436c2a elementor-widget elementor-widget-spacer\" data-id=\"a436c2a\" data-element_type=\"widget\" data-widget_type=\"spacer.default\">\n\t\t\t\t<div class=\"elementor-widget-container\">\n\t\t\t\t\t<div class=\"elementor-spacer\">\n\t\t\t<div class=\"elementor-spacer-inner\"><\/div>\n\t\t<\/div>\n\t\t\t\t<\/div>\n\t\t\t\t<\/div>\n\t\t\t\t<div class=\"elementor-element elementor-element-5b8f45a elementor-widget elementor-widget-raven-image\" data-id=\"5b8f45a\" data-element_type=\"widget\" data-widget_type=\"raven-image.default\">\n\t\t\t\t<div class=\"elementor-widget-container\">\n\t\t\t\t\t<div class=\"raven-image\">\n\t\t\n\t\t\n\t\t<img loading=\"lazy\" decoding=\"async\" width=\"1688\" height=\"409\" src=\"https:\/\/www.maxei.fr\/wp-content\/uploads\/2019\/10\/paysage-eoliennes-2.png\" class=\"attachment-full size-full\" alt=\"\" srcset=\"https:\/\/www.maxei.fr\/wp-content\/uploads\/2019\/10\/paysage-eoliennes-2.png 1688w, https:\/\/www.maxei.fr\/wp-content\/uploads\/2019\/10\/paysage-eoliennes-2-300x73.png 300w, https:\/\/www.maxei.fr\/wp-content\/uploads\/2019\/10\/paysage-eoliennes-2-768x186.png 768w, https:\/\/www.maxei.fr\/wp-content\/uploads\/2019\/10\/paysage-eoliennes-2-1024x248.png 1024w\" sizes=\"(max-width: 1688px) 100vw, 1688px\" \/>\t\t<\/div>\n\t\t\t\t<\/div>\n\t\t\t\t<\/div>\n\t\t\t\t\t\t<\/div>\n\t\t\t\t\t<\/div>\n\t\t<\/div>\n\t\t\t\t\t\t\t\t<\/div>\n\t\t\t\t\t<\/div>\n\t\t<\/section>\n\t\t\t\t\t\t<\/div>\n\t\t\t\t\t\t<\/div>\n\t\t\t\t\t<\/div>\n\t\t","protected":false},"excerpt":{"rendered":"<p>menciones legales PRESENTACI\u00d3N DEL SITIO WEB En virtud del art\u00edculo 6 de la ley n\u00b0 2004-575 de 21 de junio de 2004 sobre confianza en la econom\u00eda digital, se informa a los usuarios del sitio web&nbsp;www.maxei.fr Propietario:&nbsp;MAXEI GROUP&nbsp;\u2013 170, all\u00e9e de France ARRASCreador:&nbsp;Agence Tournant&nbsp;&#8211; ARRASAlojador: OVH \u2013 Roubaix CONDICIONES GENERALES DE USO DEL SITIO WEB [&hellip;]<\/p>\n","protected":false},"author":1,"featured_media":0,"parent":0,"menu_order":0,"comment_status":"closed","ping_status":"closed","template":"elementor_header_footer","meta":{"footnotes":""},"yoast_head":"<!-- This site is optimized with the Yoast SEO plugin v21.6 - https:\/\/yoast.com\/wordpress\/plugins\/seo\/ -->\n<title>MENCIONES LEGALES\u200b - Arras Maxei<\/title>\n<meta name=\"robots\" content=\"index, follow, max-snippet:-1, max-image-preview:large, max-video-preview:-1\" \/>\n<link rel=\"canonical\" href=\"https:\/\/www.maxei.fr\/es\/mentions-legales\/\" \/>\n<meta property=\"og:locale\" content=\"es_ES\" \/>\n<meta property=\"og:type\" content=\"article\" \/>\n<meta property=\"og:title\" content=\"MENCIONES LEGALES\u200b - Arras Maxei\" \/>\n<meta property=\"og:description\" content=\"menciones legales PRESENTACI\u00d3N DEL SITIO WEB En virtud del art\u00edculo 6 de la ley n\u00b0 2004-575 de 21 de junio de 2004 sobre confianza en la econom\u00eda digital, se informa a los usuarios del sitio web&nbsp;www.maxei.fr Propietario:&nbsp;MAXEI GROUP&nbsp;\u2013 170, all\u00e9e de France ARRASCreador:&nbsp;Agence Tournant&nbsp;&#8211; ARRASAlojador: OVH \u2013 Roubaix CONDICIONES GENERALES DE USO DEL SITIO WEB [&hellip;]\" \/>\n<meta property=\"og:url\" content=\"https:\/\/www.maxei.fr\/mentions-legales\/\" \/>\n<meta property=\"og:site_name\" content=\"Arras Maxei\" \/>\n<meta property=\"article:modified_time\" content=\"2020-02-14T09:14:38+00:00\" \/>\n<meta property=\"og:image\" content=\"https:\/\/www.maxei.fr\/wp-content\/uploads\/2019\/10\/paysage-eoliennes-2.png\" \/>\n<meta name=\"twitter:card\" content=\"summary_large_image\" \/>\n<meta name=\"twitter:label1\" content=\"Tiempo de lectura\" \/>\n\t<meta name=\"twitter:data1\" content=\"7 minutos\" \/>\n<script type=\"application\/ld+json\" class=\"yoast-schema-graph\">{\"@context\":\"https:\/\/schema.org\",\"@graph\":[{\"@type\":\"WebPage\",\"@id\":\"https:\/\/www.maxei.fr\/mentions-legales\/\",\"url\":\"https:\/\/www.maxei.fr\/mentions-legales\/\",\"name\":\"MENCIONES LEGALES\u200b - Arras Maxei\",\"isPartOf\":{\"@id\":\"https:\/\/www.maxei.fr\/#website\"},\"datePublished\":\"2020-01-06T10:20:57+00:00\",\"dateModified\":\"2020-02-14T09:14:38+00:00\",\"breadcrumb\":{\"@id\":\"https:\/\/www.maxei.fr\/mentions-legales\/#breadcrumb\"},\"inLanguage\":\"es\",\"potentialAction\":[{\"@type\":\"ReadAction\",\"target\":[\"https:\/\/www.maxei.fr\/mentions-legales\/\"]}]},{\"@type\":\"BreadcrumbList\",\"@id\":\"https:\/\/www.maxei.fr\/mentions-legales\/#breadcrumb\",\"itemListElement\":[{\"@type\":\"ListItem\",\"position\":1,\"name\":\"Accueil\",\"item\":\"https:\/\/www.maxei.fr\/es\/\"},{\"@type\":\"ListItem\",\"position\":2,\"name\":\"MENCIONES LEGALES\u200b\"}]},{\"@type\":\"WebSite\",\"@id\":\"https:\/\/www.maxei.fr\/#website\",\"url\":\"https:\/\/www.maxei.fr\/\",\"name\":\"Maxei\",\"description\":\"Smart solutions for industry\",\"publisher\":{\"@id\":\"https:\/\/www.maxei.fr\/#organization\"},\"potentialAction\":[{\"@type\":\"SearchAction\",\"target\":{\"@type\":\"EntryPoint\",\"urlTemplate\":\"https:\/\/www.maxei.fr\/?s={search_term_string}\"},\"query-input\":\"required name=search_term_string\"}],\"inLanguage\":\"es\"},{\"@type\":\"Organization\",\"@id\":\"https:\/\/www.maxei.fr\/#organization\",\"name\":\"MAXEI\",\"url\":\"https:\/\/www.maxei.fr\/\",\"logo\":{\"@type\":\"ImageObject\",\"inLanguage\":\"es\",\"@id\":\"https:\/\/www.maxei.fr\/#\/schema\/logo\/image\/\",\"url\":\"https:\/\/www.maxei.fr\/wp-content\/uploads\/2020\/07\/LOGO-MAXEI.png\",\"contentUrl\":\"https:\/\/www.maxei.fr\/wp-content\/uploads\/2020\/07\/LOGO-MAXEI.png\",\"width\":1254,\"height\":1254,\"caption\":\"MAXEI\"},\"image\":{\"@id\":\"https:\/\/www.maxei.fr\/#\/schema\/logo\/image\/\"},\"sameAs\":[\"https:\/\/www.linkedin.com\/company\/maxei\"]}]}<\/script>\n<!-- \/ Yoast SEO plugin. -->","yoast_head_json":{"title":"MENCIONES LEGALES\u200b - Arras Maxei","robots":{"index":"index","follow":"follow","max-snippet":"max-snippet:-1","max-image-preview":"max-image-preview:large","max-video-preview":"max-video-preview:-1"},"canonical":"https:\/\/www.maxei.fr\/es\/mentions-legales\/","og_locale":"es_ES","og_type":"article","og_title":"MENCIONES LEGALES\u200b - Arras Maxei","og_description":"menciones legales PRESENTACI\u00d3N DEL SITIO WEB En virtud del art\u00edculo 6 de la ley n\u00b0 2004-575 de 21 de junio de 2004 sobre confianza en la econom\u00eda digital, se informa a los usuarios del sitio web&nbsp;www.maxei.fr Propietario:&nbsp;MAXEI GROUP&nbsp;\u2013 170, all\u00e9e de France ARRASCreador:&nbsp;Agence Tournant&nbsp;&#8211; ARRASAlojador: OVH \u2013 Roubaix CONDICIONES GENERALES DE USO DEL SITIO WEB [&hellip;]","og_url":"https:\/\/www.maxei.fr\/mentions-legales\/","og_site_name":"Arras Maxei","article_modified_time":"2020-02-14T09:14:38+00:00","og_image":[{"url":"https:\/\/www.maxei.fr\/wp-content\/uploads\/2019\/10\/paysage-eoliennes-2.png"}],"twitter_card":"summary_large_image","twitter_misc":{"Tiempo de lectura":"7 minutos"},"schema":{"@context":"https:\/\/schema.org","@graph":[{"@type":"WebPage","@id":"https:\/\/www.maxei.fr\/mentions-legales\/","url":"https:\/\/www.maxei.fr\/mentions-legales\/","name":"MENCIONES LEGALES\u200b - Arras Maxei","isPartOf":{"@id":"https:\/\/www.maxei.fr\/#website"},"datePublished":"2020-01-06T10:20:57+00:00","dateModified":"2020-02-14T09:14:38+00:00","breadcrumb":{"@id":"https:\/\/www.maxei.fr\/mentions-legales\/#breadcrumb"},"inLanguage":"es","potentialAction":[{"@type":"ReadAction","target":["https:\/\/www.maxei.fr\/mentions-legales\/"]}]},{"@type":"BreadcrumbList","@id":"https:\/\/www.maxei.fr\/mentions-legales\/#breadcrumb","itemListElement":[{"@type":"ListItem","position":1,"name":"Accueil","item":"https:\/\/www.maxei.fr\/es\/"},{"@type":"ListItem","position":2,"name":"MENCIONES LEGALES\u200b"}]},{"@type":"WebSite","@id":"https:\/\/www.maxei.fr\/#website","url":"https:\/\/www.maxei.fr\/","name":"Maxei","description":"Smart solutions for industry","publisher":{"@id":"https:\/\/www.maxei.fr\/#organization"},"potentialAction":[{"@type":"SearchAction","target":{"@type":"EntryPoint","urlTemplate":"https:\/\/www.maxei.fr\/?s={search_term_string}"},"query-input":"required name=search_term_string"}],"inLanguage":"es"},{"@type":"Organization","@id":"https:\/\/www.maxei.fr\/#organization","name":"MAXEI","url":"https:\/\/www.maxei.fr\/","logo":{"@type":"ImageObject","inLanguage":"es","@id":"https:\/\/www.maxei.fr\/#\/schema\/logo\/image\/","url":"https:\/\/www.maxei.fr\/wp-content\/uploads\/2020\/07\/LOGO-MAXEI.png","contentUrl":"https:\/\/www.maxei.fr\/wp-content\/uploads\/2020\/07\/LOGO-MAXEI.png","width":1254,"height":1254,"caption":"MAXEI"},"image":{"@id":"https:\/\/www.maxei.fr\/#\/schema\/logo\/image\/"},"sameAs":["https:\/\/www.linkedin.com\/company\/maxei"]}]}},"_links":{"self":[{"href":"https:\/\/www.maxei.fr\/es\/wp-json\/wp\/v2\/pages\/2814\/"}],"collection":[{"href":"https:\/\/www.maxei.fr\/es\/wp-json\/wp\/v2\/pages\/"}],"about":[{"href":"https:\/\/www.maxei.fr\/es\/wp-json\/wp\/v2\/types\/page\/"}],"author":[{"embeddable":true,"href":"https:\/\/www.maxei.fr\/es\/wp-json\/wp\/v2\/users\/1\/"}],"replies":[{"embeddable":true,"href":"https:\/\/www.maxei.fr\/es\/wp-json\/wp\/v2\/comments\/?post=2814"}],"version-history":[{"count":13,"href":"https:\/\/www.maxei.fr\/es\/wp-json\/wp\/v2\/pages\/2814\/revisions\/"}],"predecessor-version":[{"id":3790,"href":"https:\/\/www.maxei.fr\/es\/wp-json\/wp\/v2\/pages\/2814\/revisions\/3790\/"}],"wp:attachment":[{"href":"https:\/\/www.maxei.fr\/es\/wp-json\/wp\/v2\/media\/?parent=2814"}],"curies":[{"name":"wp","href":"https:\/\/api.w.org\/{rel}","templated":true}]}}