{"id":2820,"date":"2019-10-14T14:40:38","date_gmt":"2019-10-14T12:40:38","guid":{"rendered":"http:\/\/maxei2.tournant.fr\/outillages-et-pieces-de-precision\/"},"modified":"2020-01-17T14:44:57","modified_gmt":"2020-01-17T13:44:57","slug":"herramientas-y-piezas-de-precision","status":"publish","type":"page","link":"https:\/\/www.maxei.fr\/es\/herramientas-y-piezas-de-precision\/","title":{"rendered":"HERRAMIENTAS Y PIEZAS DE PRECISI\u00d3N"},"content":{"rendered":"\t\t<div data-elementor-type=\"wp-post\" data-elementor-id=\"2820\" class=\"elementor elementor-2820 elementor-1189\" data-elementor-settings=\"[]\">\n\t\t\t\t\t\t<div class=\"elementor-inner\">\n\t\t\t\t\t\t\t<div class=\"elementor-section-wrap\">\n\t\t\t\t\t\t\t<section class=\"elementor-section elementor-top-section elementor-element elementor-element-4ad1206c elementor-section-full_width elementor-section-content-middle elementor-section-height-default elementor-section-height-default\" data-id=\"4ad1206c\" data-element_type=\"section\" data-settings=\"{&quot;background_background&quot;:&quot;classic&quot;}\">\n\t\t\t\t\t\t\t<div class=\"elementor-background-overlay\"><\/div>\n\t\t\t\t\t\t\t<div class=\"elementor-container elementor-column-gap-default\">\n\t\t\t\t\t\t\t<div class=\"elementor-row\">\n\t\t\t\t\t<div class=\"elementor-column elementor-col-100 elementor-top-column elementor-element elementor-element-443237c6\" data-id=\"443237c6\" data-element_type=\"column\">\n\t\t\t<div class=\"elementor-column-wrap elementor-element-populated\">\n\t\t\t\t\t\t\t<div class=\"elementor-widget-wrap\">\n\t\t\t\t\t\t<div class=\"elementor-element elementor-element-333cb1d2 elementor-align-center elementor-widget elementor-widget-raven-heading\" data-id=\"333cb1d2\" data-element_type=\"widget\" data-widget_type=\"raven-heading.default\">\n\t\t\t\t<div class=\"elementor-widget-container\">\n\t\t\t\t\t<div class=\"raven-widget-wrapper\"><h2 class=\"raven-heading raven-heading-h2\"><span class=\"raven-heading-title\">HERRAMIENTAS Y PIEZAS DE PRECISI\u00d3N<\/span><\/h2><\/div>\n\t\t\t\t<\/div>\n\t\t\t\t<\/div>\n\t\t\t\t\t\t<\/div>\n\t\t\t\t\t<\/div>\n\t\t<\/div>\n\t\t\t\t\t\t\t\t<\/div>\n\t\t\t\t\t<\/div>\n\t\t<\/section>\n\t\t\t\t<section class=\"elementor-section elementor-top-section elementor-element elementor-element-740ecf38 elementor-section-boxed elementor-section-height-default elementor-section-height-default\" data-id=\"740ecf38\" data-element_type=\"section\">\n\t\t\t\t\t\t<div class=\"elementor-container elementor-column-gap-default\">\n\t\t\t\t\t\t\t<div class=\"elementor-row\">\n\t\t\t\t\t<div class=\"elementor-column elementor-col-100 elementor-top-column elementor-element elementor-element-78649868\" data-id=\"78649868\" data-element_type=\"column\">\n\t\t\t<div class=\"elementor-column-wrap elementor-element-populated\">\n\t\t\t\t\t\t\t<div class=\"elementor-widget-wrap\">\n\t\t\t\t\t\t<div class=\"elementor-element elementor-element-1abf8d2 elementor-widget elementor-widget-spacer\" data-id=\"1abf8d2\" data-element_type=\"widget\" data-widget_type=\"spacer.default\">\n\t\t\t\t<div class=\"elementor-widget-container\">\n\t\t\t\t\t<div class=\"elementor-spacer\">\n\t\t\t<div class=\"elementor-spacer-inner\"><\/div>\n\t\t<\/div>\n\t\t\t\t<\/div>\n\t\t\t\t<\/div>\n\t\t\t\t<div class=\"elementor-element elementor-element-3a62f1c4 elementor-skin-carousel elementor-arrows-yes elementor-pagination-type-bullets elementor-pagination-position-outside elementor-widget elementor-widget-media-carousel\" data-id=\"3a62f1c4\" data-element_type=\"widget\" data-settings=\"{&quot;skin&quot;:&quot;carousel&quot;,&quot;effect&quot;:&quot;slide&quot;,&quot;show_arrows&quot;:&quot;yes&quot;,&quot;pagination&quot;:&quot;bullets&quot;,&quot;speed&quot;:500,&quot;autoplay&quot;:&quot;yes&quot;,&quot;autoplay_speed&quot;:5000,&quot;loop&quot;:&quot;yes&quot;,&quot;pause_on_hover&quot;:&quot;yes&quot;,&quot;pause_on_interaction&quot;:&quot;yes&quot;,&quot;space_between&quot;:{&quot;unit&quot;:&quot;px&quot;,&quot;size&quot;:10,&quot;sizes&quot;:[]},&quot;space_between_tablet&quot;:{&quot;unit&quot;:&quot;px&quot;,&quot;size&quot;:10,&quot;sizes&quot;:[]},&quot;space_between_mobile&quot;:{&quot;unit&quot;:&quot;px&quot;,&quot;size&quot;:10,&quot;sizes&quot;:[]}}\" data-widget_type=\"media-carousel.default\">\n\t\t\t\t<div class=\"elementor-widget-container\">\n\t\t\t\t\t<div class=\"elementor-swiper\">\n\t\t\t<div class=\"elementor-main-swiper swiper-container\">\n\t\t\t\t<div class=\"swiper-wrapper\">\n\t\t\t\t\t\t\t\t\t\t\t<div class=\"swiper-slide\">\n\t\t\t\t\t\t\t\t\t<div class=\"elementor-carousel-image\" style=\"background-image: url(https:\/\/www.maxei.fr\/wp-content\/uploads\/2019\/10\/Pi\u00e9ces-1.jpg)\">\n\t\t\t\t\t<\/div>\n\t\t\t\t\t\t\t\t<\/div>\n\t\t\t\t\t\t\t\t\t\t\t<div class=\"swiper-slide\">\n\t\t\t\t\t\t\t\t\t<div class=\"elementor-carousel-image\" style=\"background-image: url(https:\/\/www.maxei.fr\/wp-content\/uploads\/2019\/10\/Pi\u00e8ces-3.jpg)\">\n\t\t\t\t\t<\/div>\n\t\t\t\t\t\t\t\t<\/div>\n\t\t\t\t\t\t\t\t\t\t\t<div class=\"swiper-slide\">\n\t\t\t\t\t\t\t\t\t<div class=\"elementor-carousel-image\" style=\"background-image: url(https:\/\/www.maxei.fr\/wp-content\/uploads\/2019\/10\/Pi\u00e8ces-2.jpg)\">\n\t\t\t\t\t<\/div>\n\t\t\t\t\t\t\t\t<\/div>\n\t\t\t\t\t\t\t\t\t\t\t<div class=\"swiper-slide\">\n\t\t\t\t\t\t\t\t\t<div class=\"elementor-carousel-image\" style=\"background-image: url(https:\/\/www.maxei.fr\/wp-content\/uploads\/2019\/10\/Pi\u00e8ces-4.jpg)\">\n\t\t\t\t\t<\/div>\n\t\t\t\t\t\t\t\t<\/div>\n\t\t\t\t\t\t\t\t\t\t\t<div class=\"swiper-slide\">\n\t\t\t\t\t\t\t\t\t<div class=\"elementor-carousel-image\" style=\"background-image: url(https:\/\/www.maxei.fr\/wp-content\/uploads\/2019\/10\/Pi\u00e8ces-5.jpg)\">\n\t\t\t\t\t<\/div>\n\t\t\t\t\t\t\t\t<\/div>\n\t\t\t\t\t\t\t\t\t\t\t<div class=\"swiper-slide\">\n\t\t\t\t\t\t\t\t\t<div class=\"elementor-carousel-image\" style=\"background-image: url(https:\/\/www.maxei.fr\/wp-content\/uploads\/2019\/10\/Pi\u00e9ce-6.jpg)\">\n\t\t\t\t\t<\/div>\n\t\t\t\t\t\t\t\t<\/div>\n\t\t\t\t\t\t\t\t\t<\/div>\n\t\t\t\t\t\t\t\t\t\t\t\t\t\t\t<div class=\"swiper-pagination\"><\/div>\n\t\t\t\t\t\t\t\t\t\t\t\t\t\t\t\t<div class=\"elementor-swiper-button elementor-swiper-button-prev\">\n\t\t\t\t\t\t\t<i aria-hidden=\"true\" class=\"eicon-chevron-left\"><\/i>\t\t\t\t\t\t\t<span class=\"elementor-screen-only\">Anterior<\/span>\n\t\t\t\t\t\t<\/div>\n\t\t\t\t\t\t<div class=\"elementor-swiper-button elementor-swiper-button-next\">\n\t\t\t\t\t\t\t<i aria-hidden=\"true\" class=\"eicon-chevron-right\"><\/i>\t\t\t\t\t\t\t<span class=\"elementor-screen-only\">Siguiente<\/span>\n\t\t\t\t\t\t<\/div>\n\t\t\t\t\t\t\t\t\t\t\t\t<\/div>\n\t\t<\/div>\n\t\t\t\t<\/div>\n\t\t\t\t<\/div>\n\t\t\t\t<div class=\"elementor-element elementor-element-cb86a69 elementor-widget elementor-widget-spacer\" data-id=\"cb86a69\" data-element_type=\"widget\" data-widget_type=\"spacer.default\">\n\t\t\t\t<div class=\"elementor-widget-container\">\n\t\t\t\t\t<div class=\"elementor-spacer\">\n\t\t\t<div class=\"elementor-spacer-inner\"><\/div>\n\t\t<\/div>\n\t\t\t\t<\/div>\n\t\t\t\t<\/div>\n\t\t\t\t\t\t<\/div>\n\t\t\t\t\t<\/div>\n\t\t<\/div>\n\t\t\t\t\t\t\t\t<\/div>\n\t\t\t\t\t<\/div>\n\t\t<\/section>\n\t\t\t\t<section class=\"elementor-section elementor-top-section elementor-element elementor-element-eb89972 elementor-section-boxed elementor-section-height-default elementor-section-height-default\" data-id=\"eb89972\" data-element_type=\"section\">\n\t\t\t\t\t\t<div class=\"elementor-container elementor-column-gap-default\">\n\t\t\t\t\t\t\t<div class=\"elementor-row\">\n\t\t\t\t\t<div class=\"elementor-column elementor-col-50 elementor-top-column elementor-element elementor-element-e15e65b\" data-id=\"e15e65b\" data-element_type=\"column\" data-settings=\"{&quot;background_background&quot;:&quot;classic&quot;}\">\n\t\t\t<div class=\"elementor-column-wrap elementor-element-populated\">\n\t\t\t\t\t\t\t<div class=\"elementor-widget-wrap\">\n\t\t\t\t\t\t<div class=\"elementor-element elementor-element-d87f6dd elementor-widget elementor-widget-heading\" data-id=\"d87f6dd\" data-element_type=\"widget\" data-widget_type=\"heading.default\">\n\t\t\t\t<div class=\"elementor-widget-container\">\n\t\t\t<h2 class=\"elementor-heading-title elementor-size-default\">NUESTROS PUNTOS FUERTES<\/h2>\t\t<\/div>\n\t\t\t\t<\/div>\n\t\t\t\t<div class=\"elementor-element elementor-element-4ac6fb7 elementor-align-left elementor-widget elementor-widget-global elementor-global-1997 elementor-widget-raven-divider\" data-id=\"4ac6fb7\" data-element_type=\"widget\" data-widget_type=\"raven-divider.default\">\n\t\t\t\t<div class=\"elementor-widget-container\">\n\t\t\t\t\t<div class=\"raven-widget-wrapper\">\n\t\t\t<div class=\"raven-divider\">\n\t\t\t\t<span class=\"raven-divider-line raven-divider-solid\"><\/span>\n\t\t\t<\/div>\n\t\t<\/div>\n\t\t\t\t<\/div>\n\t\t\t\t<\/div>\n\t\t\t\t<div class=\"elementor-element elementor-element-e8f6810 elementor-icon-list--layout-traditional elementor-list-item-link-full_width elementor-widget elementor-widget-icon-list\" data-id=\"e8f6810\" data-element_type=\"widget\" data-widget_type=\"icon-list.default\">\n\t\t\t\t<div class=\"elementor-widget-container\">\n\t\t\t\t\t<ul class=\"elementor-icon-list-items\">\n\t\t\t\t\t\t\t<li class=\"elementor-icon-list-item\">\n\t\t\t\t\t\t\t\t\t\t\t<span class=\"elementor-icon-list-icon\">\n\t\t\t\t\t\t\t<i aria-hidden=\"true\" class=\"fas fa-chevron-circle-down\"><\/i>\t\t\t\t\t\t<\/span>\n\t\t\t\t\t\t\t\t\t\t<span class=\"elementor-icon-list-text\">Prototipado y series peque\u00f1as<\/span>\n\t\t\t\t\t\t\t\t\t<\/li>\n\t\t\t\t\t\t\t\t<li class=\"elementor-icon-list-item\">\n\t\t\t\t\t\t\t\t\t\t\t<span class=\"elementor-icon-list-icon\">\n\t\t\t\t\t\t\t<i aria-hidden=\"true\" class=\"fas fa-user-edit\"><\/i>\t\t\t\t\t\t<\/span>\n\t\t\t\t\t\t\t\t\t\t<span class=\"elementor-icon-list-text\">Consejos personalizados<\/span>\n\t\t\t\t\t\t\t\t\t<\/li>\n\t\t\t\t\t\t\t\t<li class=\"elementor-icon-list-item\">\n\t\t\t\t\t\t\t\t\t\t\t<span class=\"elementor-icon-list-icon\">\n\t\t\t\t\t\t\t<i aria-hidden=\"true\" class=\"far fa-handshake\"><\/i>\t\t\t\t\t\t<\/span>\n\t\t\t\t\t\t\t\t\t\t<span class=\"elementor-icon-list-text\">Proximidad y reactividad<\/span>\n\t\t\t\t\t\t\t\t\t<\/li>\n\t\t\t\t\t\t<\/ul>\n\t\t\t\t<\/div>\n\t\t\t\t<\/div>\n\t\t\t\t\t\t<\/div>\n\t\t\t\t\t<\/div>\n\t\t<\/div>\n\t\t\t\t<div class=\"elementor-column elementor-col-50 elementor-top-column elementor-element elementor-element-e61b0ed\" data-id=\"e61b0ed\" data-element_type=\"column\">\n\t\t\t<div class=\"elementor-column-wrap elementor-element-populated\">\n\t\t\t\t\t\t\t<div class=\"elementor-widget-wrap\">\n\t\t\t\t\t\t<div class=\"elementor-element elementor-element-6a281a4 elementor-widget elementor-widget-text-editor\" data-id=\"6a281a4\" data-element_type=\"widget\" data-widget_type=\"text-editor.default\">\n\t\t\t\t<div class=\"elementor-widget-container\">\n\t\t\t\t\t\t\t\t<div class=\"elementor-text-editor elementor-clearfix\">\n\t\t\t\t<p>Podemos responder a sus necesidades de realizaci\u00f3n de piezas de precisi\u00f3n de geometr\u00eda compleja de prototipos, calibres y herramientas de series peque\u00f1as y medianas con una relaci\u00f3n calidad\/precio competitiva y una gran reactividad.<\/p>\n<p>Gracias a nuestras inversiones regulares, disponemos de <b>un parque de m\u00e1quinas de alto rendimiento equipado con varios centros de mecanizado<\/b>, m\u00e1quinas tradicionales y de control digital de alta precisi\u00f3n y <b>numerosas m\u00e1quinas de electroerosi\u00f3n <\/b>dirigidas por personal altamente cualificado.<\/p>\n<p>Nuestros t\u00e9cnicos sabr\u00e1n asesorarle respecto a la elecci\u00f3n de materiales y tratamiento m\u00e1s apropiados para mejorar los rendimientos y fiabilidad de sus instalaciones.&nbsp;Disponemos tambi\u00e9n de un gran stock de materias primas de diversos tipos para satisfacer sus solicitudes con gran reactividad.<\/p>\n<p>Nuestro laboratorio de control metrol\u00f3gico garantiza la conformidad de las piezas con sus especificaciones, seg\u00fan las normas ISO 9001.<\/p>\t\t\t\t\t<\/div>\n\t\t\t\t\t\t<\/div>\n\t\t\t\t<\/div>\n\t\t\t\t\t\t<\/div>\n\t\t\t\t\t<\/div>\n\t\t<\/div>\n\t\t\t\t\t\t\t\t<\/div>\n\t\t\t\t\t<\/div>\n\t\t<\/section>\n\t\t\t\t<section class=\"elementor-section elementor-top-section elementor-element elementor-element-589f5ca4 elementor-section-full_width elementor-section-height-default elementor-section-height-default\" data-id=\"589f5ca4\" data-element_type=\"section\">\n\t\t\t\t\t\t<div class=\"elementor-container elementor-column-gap-default\">\n\t\t\t\t\t\t\t<div class=\"elementor-row\">\n\t\t\t\t\t<div class=\"elementor-column elementor-col-100 elementor-top-column elementor-element elementor-element-40c345c1\" data-id=\"40c345c1\" data-element_type=\"column\">\n\t\t\t<div class=\"elementor-column-wrap elementor-element-populated\">\n\t\t\t\t\t\t\t<div class=\"elementor-widget-wrap\">\n\t\t\t\t\t\t<div class=\"elementor-element elementor-element-6e201e7b elementor-widget elementor-widget-spacer\" data-id=\"6e201e7b\" data-element_type=\"widget\" data-widget_type=\"spacer.default\">\n\t\t\t\t<div class=\"elementor-widget-container\">\n\t\t\t\t\t<div class=\"elementor-spacer\">\n\t\t\t<div class=\"elementor-spacer-inner\"><\/div>\n\t\t<\/div>\n\t\t\t\t<\/div>\n\t\t\t\t<\/div>\n\t\t\t\t<div class=\"elementor-element elementor-element-41746b51 elementor-widget elementor-widget-raven-image\" data-id=\"41746b51\" data-element_type=\"widget\" data-widget_type=\"raven-image.default\">\n\t\t\t\t<div class=\"elementor-widget-container\">\n\t\t\t\t\t<div class=\"raven-image\">\n\t\t\n\t\t\n\t\t<img loading=\"lazy\" decoding=\"async\" width=\"1688\" height=\"409\" src=\"https:\/\/www.maxei.fr\/wp-content\/uploads\/2019\/10\/paysage-eoliennes-2.png\" class=\"attachment-full size-full\" alt=\"\" srcset=\"https:\/\/www.maxei.fr\/wp-content\/uploads\/2019\/10\/paysage-eoliennes-2.png 1688w, https:\/\/www.maxei.fr\/wp-content\/uploads\/2019\/10\/paysage-eoliennes-2-300x73.png 300w, https:\/\/www.maxei.fr\/wp-content\/uploads\/2019\/10\/paysage-eoliennes-2-768x186.png 768w, https:\/\/www.maxei.fr\/wp-content\/uploads\/2019\/10\/paysage-eoliennes-2-1024x248.png 1024w\" sizes=\"(max-width: 1688px) 100vw, 1688px\" \/>\t\t<\/div>\n\t\t\t\t<\/div>\n\t\t\t\t<\/div>\n\t\t\t\t\t\t<\/div>\n\t\t\t\t\t<\/div>\n\t\t<\/div>\n\t\t\t\t\t\t\t\t<\/div>\n\t\t\t\t\t<\/div>\n\t\t<\/section>\n\t\t\t\t\t\t<\/div>\n\t\t\t\t\t\t<\/div>\n\t\t\t\t\t<\/div>\n\t\t","protected":false},"excerpt":{"rendered":"<p>HERRAMIENTAS Y PIEZAS DE PRECISI\u00d3N Pr\u00e9c\u00e9dent Suivant NUESTROS PUNTOS FUERTES Prototipado y series peque\u00f1as Consejos personalizados Proximidad y reactividad Podemos responder a sus necesidades de realizaci\u00f3n de piezas de precisi\u00f3n de geometr\u00eda compleja de prototipos, calibres y herramientas de series peque\u00f1as y medianas con una relaci\u00f3n calidad\/precio competitiva y una gran reactividad. Gracias a nuestras [&hellip;]<\/p>\n","protected":false},"author":1,"featured_media":0,"parent":0,"menu_order":0,"comment_status":"closed","ping_status":"closed","template":"elementor_header_footer","meta":{"footnotes":""},"yoast_head":"<!-- This site is optimized with the Yoast SEO plugin v21.6 - https:\/\/yoast.com\/wordpress\/plugins\/seo\/ -->\n<title>HERRAMIENTAS Y PIEZAS DE PRECISI\u00d3N - Arras Maxei<\/title>\n<meta name=\"robots\" content=\"index, follow, max-snippet:-1, max-image-preview:large, max-video-preview:-1\" \/>\n<link rel=\"canonical\" href=\"https:\/\/www.maxei.fr\/es\/outillages-et-pieces-de-precision\/\" \/>\n<meta property=\"og:locale\" content=\"es_ES\" \/>\n<meta property=\"og:type\" content=\"article\" \/>\n<meta property=\"og:title\" content=\"HERRAMIENTAS Y PIEZAS DE PRECISI\u00d3N - Arras Maxei\" \/>\n<meta property=\"og:description\" content=\"HERRAMIENTAS Y PIEZAS DE PRECISI\u00d3N Pr\u00e9c\u00e9dent Suivant NUESTROS PUNTOS FUERTES Prototipado y series peque\u00f1as Consejos personalizados Proximidad y reactividad Podemos responder a sus necesidades de realizaci\u00f3n de piezas de precisi\u00f3n de geometr\u00eda compleja de prototipos, calibres y herramientas de series peque\u00f1as y medianas con una relaci\u00f3n calidad\/precio competitiva y una gran reactividad. Gracias a nuestras [&hellip;]\" \/>\n<meta property=\"og:url\" content=\"https:\/\/www.maxei.fr\/outillages-et-pieces-de-precision\/\" \/>\n<meta property=\"og:site_name\" content=\"Arras Maxei\" \/>\n<meta property=\"article:modified_time\" content=\"2020-01-17T13:44:57+00:00\" \/>\n<meta property=\"og:image\" content=\"https:\/\/www.maxei.fr\/wp-content\/uploads\/2019\/10\/paysage-eoliennes-2.png\" \/>\n<meta name=\"twitter:card\" content=\"summary_large_image\" \/>\n<meta name=\"twitter:label1\" content=\"Tiempo de lectura\" \/>\n\t<meta name=\"twitter:data1\" content=\"1 minuto\" \/>\n<script type=\"application\/ld+json\" class=\"yoast-schema-graph\">{\"@context\":\"https:\/\/schema.org\",\"@graph\":[{\"@type\":\"WebPage\",\"@id\":\"https:\/\/www.maxei.fr\/outillages-et-pieces-de-precision\/\",\"url\":\"https:\/\/www.maxei.fr\/outillages-et-pieces-de-precision\/\",\"name\":\"HERRAMIENTAS Y PIEZAS DE PRECISI\u00d3N - Arras Maxei\",\"isPartOf\":{\"@id\":\"https:\/\/www.maxei.fr\/#website\"},\"datePublished\":\"2019-10-14T12:40:38+00:00\",\"dateModified\":\"2020-01-17T13:44:57+00:00\",\"breadcrumb\":{\"@id\":\"https:\/\/www.maxei.fr\/outillages-et-pieces-de-precision\/#breadcrumb\"},\"inLanguage\":\"es\",\"potentialAction\":[{\"@type\":\"ReadAction\",\"target\":[\"https:\/\/www.maxei.fr\/outillages-et-pieces-de-precision\/\"]}]},{\"@type\":\"BreadcrumbList\",\"@id\":\"https:\/\/www.maxei.fr\/outillages-et-pieces-de-precision\/#breadcrumb\",\"itemListElement\":[{\"@type\":\"ListItem\",\"position\":1,\"name\":\"Accueil\",\"item\":\"https:\/\/www.maxei.fr\/es\/\"},{\"@type\":\"ListItem\",\"position\":2,\"name\":\"HERRAMIENTAS Y PIEZAS DE PRECISI\u00d3N\"}]},{\"@type\":\"WebSite\",\"@id\":\"https:\/\/www.maxei.fr\/#website\",\"url\":\"https:\/\/www.maxei.fr\/\",\"name\":\"Maxei\",\"description\":\"Smart solutions for industry\",\"publisher\":{\"@id\":\"https:\/\/www.maxei.fr\/#organization\"},\"potentialAction\":[{\"@type\":\"SearchAction\",\"target\":{\"@type\":\"EntryPoint\",\"urlTemplate\":\"https:\/\/www.maxei.fr\/?s={search_term_string}\"},\"query-input\":\"required name=search_term_string\"}],\"inLanguage\":\"es\"},{\"@type\":\"Organization\",\"@id\":\"https:\/\/www.maxei.fr\/#organization\",\"name\":\"MAXEI\",\"url\":\"https:\/\/www.maxei.fr\/\",\"logo\":{\"@type\":\"ImageObject\",\"inLanguage\":\"es\",\"@id\":\"https:\/\/www.maxei.fr\/#\/schema\/logo\/image\/\",\"url\":\"https:\/\/www.maxei.fr\/wp-content\/uploads\/2020\/07\/LOGO-MAXEI.png\",\"contentUrl\":\"https:\/\/www.maxei.fr\/wp-content\/uploads\/2020\/07\/LOGO-MAXEI.png\",\"width\":1254,\"height\":1254,\"caption\":\"MAXEI\"},\"image\":{\"@id\":\"https:\/\/www.maxei.fr\/#\/schema\/logo\/image\/\"},\"sameAs\":[\"https:\/\/www.linkedin.com\/company\/maxei\"]}]}<\/script>\n<!-- \/ Yoast SEO plugin. -->","yoast_head_json":{"title":"HERRAMIENTAS Y PIEZAS DE PRECISI\u00d3N - Arras Maxei","robots":{"index":"index","follow":"follow","max-snippet":"max-snippet:-1","max-image-preview":"max-image-preview:large","max-video-preview":"max-video-preview:-1"},"canonical":"https:\/\/www.maxei.fr\/es\/outillages-et-pieces-de-precision\/","og_locale":"es_ES","og_type":"article","og_title":"HERRAMIENTAS Y PIEZAS DE PRECISI\u00d3N - Arras Maxei","og_description":"HERRAMIENTAS Y PIEZAS DE PRECISI\u00d3N Pr\u00e9c\u00e9dent Suivant NUESTROS PUNTOS FUERTES Prototipado y series peque\u00f1as Consejos personalizados Proximidad y reactividad Podemos responder a sus necesidades de realizaci\u00f3n de piezas de precisi\u00f3n de geometr\u00eda compleja de prototipos, calibres y herramientas de series peque\u00f1as y medianas con una relaci\u00f3n calidad\/precio competitiva y una gran reactividad. Gracias a nuestras [&hellip;]","og_url":"https:\/\/www.maxei.fr\/outillages-et-pieces-de-precision\/","og_site_name":"Arras Maxei","article_modified_time":"2020-01-17T13:44:57+00:00","og_image":[{"url":"https:\/\/www.maxei.fr\/wp-content\/uploads\/2019\/10\/paysage-eoliennes-2.png"}],"twitter_card":"summary_large_image","twitter_misc":{"Tiempo de lectura":"1 minuto"},"schema":{"@context":"https:\/\/schema.org","@graph":[{"@type":"WebPage","@id":"https:\/\/www.maxei.fr\/outillages-et-pieces-de-precision\/","url":"https:\/\/www.maxei.fr\/outillages-et-pieces-de-precision\/","name":"HERRAMIENTAS Y PIEZAS DE PRECISI\u00d3N - Arras Maxei","isPartOf":{"@id":"https:\/\/www.maxei.fr\/#website"},"datePublished":"2019-10-14T12:40:38+00:00","dateModified":"2020-01-17T13:44:57+00:00","breadcrumb":{"@id":"https:\/\/www.maxei.fr\/outillages-et-pieces-de-precision\/#breadcrumb"},"inLanguage":"es","potentialAction":[{"@type":"ReadAction","target":["https:\/\/www.maxei.fr\/outillages-et-pieces-de-precision\/"]}]},{"@type":"BreadcrumbList","@id":"https:\/\/www.maxei.fr\/outillages-et-pieces-de-precision\/#breadcrumb","itemListElement":[{"@type":"ListItem","position":1,"name":"Accueil","item":"https:\/\/www.maxei.fr\/es\/"},{"@type":"ListItem","position":2,"name":"HERRAMIENTAS Y PIEZAS DE PRECISI\u00d3N"}]},{"@type":"WebSite","@id":"https:\/\/www.maxei.fr\/#website","url":"https:\/\/www.maxei.fr\/","name":"Maxei","description":"Smart solutions for industry","publisher":{"@id":"https:\/\/www.maxei.fr\/#organization"},"potentialAction":[{"@type":"SearchAction","target":{"@type":"EntryPoint","urlTemplate":"https:\/\/www.maxei.fr\/?s={search_term_string}"},"query-input":"required name=search_term_string"}],"inLanguage":"es"},{"@type":"Organization","@id":"https:\/\/www.maxei.fr\/#organization","name":"MAXEI","url":"https:\/\/www.maxei.fr\/","logo":{"@type":"ImageObject","inLanguage":"es","@id":"https:\/\/www.maxei.fr\/#\/schema\/logo\/image\/","url":"https:\/\/www.maxei.fr\/wp-content\/uploads\/2020\/07\/LOGO-MAXEI.png","contentUrl":"https:\/\/www.maxei.fr\/wp-content\/uploads\/2020\/07\/LOGO-MAXEI.png","width":1254,"height":1254,"caption":"MAXEI"},"image":{"@id":"https:\/\/www.maxei.fr\/#\/schema\/logo\/image\/"},"sameAs":["https:\/\/www.linkedin.com\/company\/maxei"]}]}},"_links":{"self":[{"href":"https:\/\/www.maxei.fr\/es\/wp-json\/wp\/v2\/pages\/2820\/"}],"collection":[{"href":"https:\/\/www.maxei.fr\/es\/wp-json\/wp\/v2\/pages\/"}],"about":[{"href":"https:\/\/www.maxei.fr\/es\/wp-json\/wp\/v2\/types\/page\/"}],"author":[{"embeddable":true,"href":"https:\/\/www.maxei.fr\/es\/wp-json\/wp\/v2\/users\/1\/"}],"replies":[{"embeddable":true,"href":"https:\/\/www.maxei.fr\/es\/wp-json\/wp\/v2\/comments\/?post=2820"}],"version-history":[{"count":14,"href":"https:\/\/www.maxei.fr\/es\/wp-json\/wp\/v2\/pages\/2820\/revisions\/"}],"predecessor-version":[{"id":3608,"href":"https:\/\/www.maxei.fr\/es\/wp-json\/wp\/v2\/pages\/2820\/revisions\/3608\/"}],"wp:attachment":[{"href":"https:\/\/www.maxei.fr\/es\/wp-json\/wp\/v2\/media\/?parent=2820"}],"curies":[{"name":"wp","href":"https:\/\/api.w.org\/{rel}","templated":true}]}}